{"id":248,"date":"2014-08-01T19:14:34","date_gmt":"2014-08-01T19:14:34","guid":{"rendered":"http:\/\/www.miami-eggfreezing.com\/why-freeze-eggs-2\/"},"modified":"2022-09-16T15:03:20","modified_gmt":"2022-09-16T20:03:20","slug":"why-freeze-eggs","status":"publish","type":"page","link":"https:\/\/www.miami-eggfreezing.com\/es\/why-freeze-eggs\/","title":{"rendered":"\u00bfPor qu\u00e9 congelar \u00f3vulos?"},"content":{"rendered":"<p>Al momento de su nacimiento, una mujer nace con todos los \u00f3vulos que tendr\u00e1 en su vida.<br \/>\nEn la pubertad, la reserva de \u00f3vulos de la mujer se reduce en un 50% y, cada mes despu\u00e9s de eso, ella perder\u00e1 otros 750 \u00f3vulos. A partir del los 20 a\u00f1os, los \u00f3vulos no s\u00f3lo comienzan a disminuir en cantidad, sino tambi\u00e9n en calidad.<br \/>\n1 de cada 8 mujeres estadounidenses tiene problemas de fertilidad. Aproximadamente un tercio de las mujeres de 35-39 a\u00f1os de edad sufrir\u00e1 de infertilidad.<\/p>\n<div style=\"background-image: url('http:\/\/www.miami-eggfreezing.com\/wp-content\/uploads\/2014\/08\/frases\/Frase_03.jpg'); width: 626px; height: 254px; padding-left: 10px; margin-left: 20px;\">\n<p class=\"textos-nuevo\" style=\"width: 400px;\">La congelaci\u00f3n de \u00f3vulos permite<br \/>\na la mujer tomar el control de<br \/>\nsu reloj biol\u00f3gico en constante<br \/>\ntic-tac y guardar sus \u00f3vulos<br \/>\npara uso futuro.<\/p>\n<\/div>\n<p>La congelaci\u00f3n de \u00f3vulos tendr\u00e1 un impacto en las opciones reproductivas de las mujeres, como lo hizo la pastilla anticonceptiva en la d\u00e9cada de 1960. La congelaci\u00f3n de \u00f3vulos, de manera similar a la pastilla, permite a las mujeres tomar el control de su fertilidad.<br \/>\nEstamos en el inicio de un gran cambio social, que afectar\u00e1 los futuros reproductivos de las mujeres para siempre.<\/p>\n<p><img loading=\"lazy\" decoding=\"async\" class=\"alignnone wp-image-169 size-full\" src=\"\/wp-content\/uploads\/2022\/09\/Infografia_011_spa.jpg\" width=\"626\" height=\"762\" \/><\/p>\n","protected":false},"excerpt":{"rendered":"<p>Al momento de su nacimiento, una mujer nace con todos los \u00f3vulos que tendr\u00e1 en su vida. En la pubertad, la reserva de \u00f3vulos de la mujer se reduce en un 50% y, cada mes despu\u00e9s de eso, ella perder\u00e1 otros 750 \u00f3vulos. A partir del los 20 a\u00f1os, los \u00f3vulos no s\u00f3lo comienzan a [&hellip;]<\/p>\n","protected":false},"author":1,"featured_media":0,"parent":0,"menu_order":0,"comment_status":"closed","ping_status":"closed","template":"","meta":{"footnotes":""},"_links":{"self":[{"href":"https:\/\/www.miami-eggfreezing.com\/es\/wp-json\/wp\/v2\/pages\/248"}],"collection":[{"href":"https:\/\/www.miami-eggfreezing.com\/es\/wp-json\/wp\/v2\/pages"}],"about":[{"href":"https:\/\/www.miami-eggfreezing.com\/es\/wp-json\/wp\/v2\/types\/page"}],"author":[{"embeddable":true,"href":"https:\/\/www.miami-eggfreezing.com\/es\/wp-json\/wp\/v2\/users\/1"}],"replies":[{"embeddable":true,"href":"https:\/\/www.miami-eggfreezing.com\/es\/wp-json\/wp\/v2\/comments?post=248"}],"version-history":[{"count":19,"href":"https:\/\/www.miami-eggfreezing.com\/es\/wp-json\/wp\/v2\/pages\/248\/revisions"}],"predecessor-version":[{"id":680,"href":"https:\/\/www.miami-eggfreezing.com\/es\/wp-json\/wp\/v2\/pages\/248\/revisions\/680"}],"wp:attachment":[{"href":"https:\/\/www.miami-eggfreezing.com\/es\/wp-json\/wp\/v2\/media?parent=248"}],"curies":[{"name":"wp","href":"https:\/\/api.w.org\/{rel}","templated":true}]}}