{"id":307,"date":"2014-08-04T15:08:11","date_gmt":"2014-08-04T15:08:11","guid":{"rendered":"http:\/\/www.miami-eggfreezing.com\/egg-freezing-process-2\/"},"modified":"2022-09-21T07:15:42","modified_gmt":"2022-09-21T12:15:42","slug":"egg-freezing-process","status":"publish","type":"page","link":"https:\/\/www.miami-eggfreezing.com\/es\/egg-freezing-process\/","title":{"rendered":"Proceso de Congelaci\u00f3n de \u00d3vulos"},"content":{"rendered":"<p><!--<strong>Egg Freezing<\/strong> (Oocyte Cryoperservation) is the process of extracting, freezing and storing woman's eggs. <strong>Egg freezing<\/strong> allows woman to suspend the ever-ticking biological clock and bank her eggs for future use.--><\/p>\n<p>En Miami Egg Freezing encontrar\u00e1s embri\u00f3logos y m\u00e9dicos con el conocimiento, las habilidades y la competencia necesarias para tener \u00e9xito en tu tratamiento.<\/p>\n<p><img loading=\"lazy\" decoding=\"async\" class=\"alignnone wp-image-165 size-full\" src=\"\/wp-content\/uploads\/2022\/09\/Infografia_061_spa-2.jpg\" alt=\"Infographic Egg Freezing\" width=\"626\" height=\"1405\" \/><\/p>\n","protected":false},"excerpt":{"rendered":"<p>En Miami Egg Freezing encontrar\u00e1s embri\u00f3logos y m\u00e9dicos con el conocimiento, las habilidades y la competencia necesarias para tener \u00e9xito en tu tratamiento.<\/p>\n","protected":false},"author":1,"featured_media":0,"parent":0,"menu_order":0,"comment_status":"closed","ping_status":"closed","template":"","meta":{"footnotes":""},"_links":{"self":[{"href":"https:\/\/www.miami-eggfreezing.com\/es\/wp-json\/wp\/v2\/pages\/307"}],"collection":[{"href":"https:\/\/www.miami-eggfreezing.com\/es\/wp-json\/wp\/v2\/pages"}],"about":[{"href":"https:\/\/www.miami-eggfreezing.com\/es\/wp-json\/wp\/v2\/types\/page"}],"author":[{"embeddable":true,"href":"https:\/\/www.miami-eggfreezing.com\/es\/wp-json\/wp\/v2\/users\/1"}],"replies":[{"embeddable":true,"href":"https:\/\/www.miami-eggfreezing.com\/es\/wp-json\/wp\/v2\/comments?post=307"}],"version-history":[{"count":13,"href":"https:\/\/www.miami-eggfreezing.com\/es\/wp-json\/wp\/v2\/pages\/307\/revisions"}],"predecessor-version":[{"id":706,"href":"https:\/\/www.miami-eggfreezing.com\/es\/wp-json\/wp\/v2\/pages\/307\/revisions\/706"}],"wp:attachment":[{"href":"https:\/\/www.miami-eggfreezing.com\/es\/wp-json\/wp\/v2\/media?parent=307"}],"curies":[{"name":"wp","href":"https:\/\/api.w.org\/{rel}","templated":true}]}}