{"id":319,"date":"2014-08-01T19:23:22","date_gmt":"2014-08-01T19:23:22","guid":{"rendered":"http:\/\/www.miami-eggfreezing.com\/our-experts-2\/"},"modified":"2022-09-19T16:50:56","modified_gmt":"2022-09-19T21:50:56","slug":"our-experts","status":"publish","type":"page","link":"https:\/\/www.miami-eggfreezing.com\/es\/our-experts\/","title":{"rendered":"Experiencia"},"content":{"rendered":"<h2 style=\"margin-bottom: 0cm;\"><span style=\"color:#d62b91;\">Preservaci\u00f3n de la fertilidad a trav\u00e9s de la criopreservaci\u00f3n de ovocitos<\/span><\/h2>\n<p>El Fertility Center of Miami fue fundado en 1991. Nuestro Centro se encuentra a la vanguardia en t\u00e9cnicas de reproducci\u00f3n asistida, incluyendo la inyecci\u00f3n intracitoplasm\u00e1tica de espermatozoides (ICSI), la transferencia de embriones de blastocistos, la criopreservaci\u00f3n de embriones de blastocistos, los \u00f3vulos de donantes y ahora la congelaci\u00f3n de \u00f3vulos.<\/p>\n<p>Si bien muchos centros ofrecen un servicio, pocos tienen experiencia pr\u00e1ctica con la congelaci\u00f3n, descongelaci\u00f3n y posterior transferencia de embriones. Nuestra experiencia ha demostrado que nuestros embri\u00f3logos y m\u00e9dicos tienen el conocimiento, las habilidades y la competencia necesarias para tener \u00e9xito.<\/p>\n<p>Este programa de renombre internacional fue desarrollado y actualmente es dirigido por el <a href=\"http:\/\/www.drfernandoakerman.com\/\" target=\"_blank\" rel=\"noopener\">Doctor Fernando M. Akerman, M.D.<\/a>, quien est\u00e1 comprometido en brindar a sus pacientes el mejor servicio con la mejor tecnolog\u00eda disponible.<\/p>\n<p><\/br><\/p>\n<h2 style=\"color: #5e5ca8;\"><span style=\"color:#d62b91;\">Nuestro Equipo M\u00e9dico<\/span><\/h2>\n<p><\/br><br \/>\n<span style=\"color: #5e5ca8;\"><strong>Fernando M. Akerman, <\/strong><\/span><span style=\"color: #000000;\"><span style=\"color: #5e5ca8;\"><strong>M.D.<br \/>\nEndocrinolog\u00eda Reproductiva e Infertilidad<br \/>\nDirector M\u00e9dico<\/strong><\/span><\/span><\/p>\n<p style=\"color: #676767;\"><span style=\"color: #000000;\"><img loading=\"lazy\" decoding=\"async\" class=\"alignright\" src=\"https:\/\/www.miami-eggfreezing.com\/wp-content\/uploads\/2022\/05\/Dr-Akerman.jpg\" alt=\"Dr Fernando Akerman\" width=\"149\" height=\"225\" border=\"0\" \/><\/span><\/p>\n<p style=\"color: #676767;\">El doctor Fernando M. Akerman es el Director M\u00e9dico del Fertility &#038; IVF Center of Miami. Se uni\u00f3 a nuestro Centro en 1999. Naci\u00f3 en Argentina y habla Espa\u00f1ol, Ingl\u00e9s y Portugu\u00e9s.<\/p>\n<p>El doctor Akerman complet\u00f3 su residencia de Obstetricia y Ginecolog\u00eda en la Escuela de Medicina del Saint Louis University, Missouri en 1997, y su entrenamiento en Endocrinolog\u00eda Reproductiva e Infertilidad en el University of Louisville, Kentucky, en 1999. Previamente se gradu\u00f3 con honores de m\u00e9dico en la Universidad de Buenos Aires, Argentina. En esa misma casa de altos estudios termin\u00f3 su Residencia inicial en Obstetricia y Ginecolog\u00eda en 1992. Luego complet\u00f3 un Internado en Patolog\u00eda en la Escuela de Medicina Albert Einstein en Nueva York.<\/p>\n<p>El est\u00e1 certificado en Obstetricia y Ginecolog\u00eda con subespecialidad en Endocrinolog\u00eda Reproductiva e Infertilidad por el \u00abAmerican Board of Obstetrics and Gynecology\u00bb. El Dr. Akerman es miembro de numerosas sociedades cient\u00edficas tales como el American Society for Reproductive Medicine(ASRM), el Society of Reproductive Endocrinology and Infertility(SREI), el Society of Assisted Reproductive Technology (SART), el American College of Obstetrics and Gynecology (ACOG).<\/p>\n<p><em>El Dr. Akerman est\u00e1 casado con una pat\u00f3loga y juntos tienen tres hijos. Le gusta viajar por todo el mundo con toda la familia. Y como un ferviente fan\u00e1tico de los deportes, le gusta viajar especialmente para asistir a eventos deportivos especiales (por ejemplo, la copa del mundo).<\/em><\/p>\n<p><a href=\"http:\/\/www.drfernandoakerman.com\/\" target=\"_blank\" rel=\"noopener\">www.drfernandoakerman.com<\/a><br \/>\n<span style=\"color: #000000;\"><br \/>\n<\/span><\/p>\n<p><span style=\"color: #000000;\"><span style=\"color: #5e5ca8;\"><strong>Farah S. Chuong, M.D.<br \/>\nEndocrinolog\u00eda Reproductiva e Infertilidad<\/strong><\/span><\/span><\/p>\n<p><img loading=\"lazy\" decoding=\"async\" class=\"alignright wp-image-405 size-full\" src=\"https:\/\/www.miami-eggfreezing.com\/wp-content\/uploads\/2022\/05\/Dr-Chuong.jpg\" alt=\"Dr Chuong\" width=\"145\" height=\"225\" \/>Como nativa de Miami, la Dra. Chuong estuvo encantada de regresar a casa cuando se uni\u00f3 al Fertility &#038; IVF Center of Miami en 2016, para ayudar a las parejas a cumplir sus deseos de convertirse en padres. Obtuvo su t\u00edtulo universitario en la Florida State University en 2004 y su t\u00edtulo de m\u00e9dico en la University of South Florida en 2008. La Dra. Chuong continu\u00f3 su educaci\u00f3n m\u00e9dica en la University of South Florida donde complet\u00f3 su residencia en Obstetricia y Ginecolog\u00eda y fue Directora Residente.<\/p>\n<p>Despu\u00e9s de completar su Residencia, la Dra. Chuong trabaj\u00f3 como obstetra y ginec\u00f3loga general con un enfoque en endocrinolog\u00eda reproductiva e infertilidad. Luego complet\u00f3 una beca en la Universidad Johns Hopkins en Baltimore, Maryland. Las \u00e1reas de inter\u00e9s cl\u00ednico de la Dra. Chuong incluyen la preservaci\u00f3n de la fertilidad, la fertilizaci\u00f3n in vitro y el tratamiento m\u00e9dico y quir\u00fargico de la infertilidad.<\/p>\n<p>La Dra. Chuong est\u00e1 certificada en Obstetricia y Ginecolog\u00edacon subespecialidad en Endocrinolog\u00eda Reproductiva e Infertilidadpor el\u201cAmerican Board of Obstetrics and Gynecology\u201d. Adem\u00e1s, es miembro activo de numerosas sociedades cient\u00edficas nacionales, como American Society for Reproductive Medicine (ASRM), el Society of Reproductive Endocrinology and Infertility (SREI) y el American College of Obstetrics and Gynecology (ACOG).<\/p>\n<p><em>La Dra. Chuong disfruta de tiempo en familia con su esposo y sus dos hijos. Le gusta viajar en familia y conocer diferentes culturas. Tambi\u00e9n le apasiona el f\u00fatbol \u2013 particularmente el equipo de los Florida State Seminoles y el de los Miami Dolphins.<\/em><\/p>\n<p>&nbsp;<\/p>\n<p style=\"color: #676767;\"><span style=\"color: #5e5ca8;\"><strong>Edward H. Illions<\/strong><\/span><span style=\"color: #5e5ca8;\"><strong>M.D.<br \/>\nEndocrinolog\u00eda Reproductiva e Infertilidad<\/strong><\/span><\/p>\n<p><img loading=\"lazy\" decoding=\"async\" class=\"alignright wp-image-405 size-full\" src=\"https:\/\/www.miami-eggfreezing.com\/wp-content\/uploads\/2022\/05\/Dr_Illions.jpg\" alt=\"Dr Illions\" width=\"145\" height=\"225\" \/>El Dr. Illions se incorpor\u00f3 al Centro en 2021. Anteriormente, fue Director M\u00e9dico de la secci\u00f3n de Medicina Reproductiva Avanzada de la Universidad de Colorado. Y antes, fue director de pr\u00e1ctica en el Instituto de Medicina Reproductiva Montefiore en la Facultad de Medicina Albert Einstein de Nueva York. Donde, desarroll\u00f3 y dirigi\u00f3 el Programa de Preservaci\u00f3n de la Fertilidad.<\/p>\n<p>Complet\u00f3 su beca en endocrinolog\u00eda reproductiva mientras estaba en la Fuerza A\u00e9rea de los EE. UU. En los Institutos Nacionales de Salud y en el Centro M\u00e9dico del Ej\u00e9rcito Walter Reed. Adquiri\u00f3 capacitaci\u00f3n en cirug\u00eda reproductiva, tecnolog\u00edas reproductivas avanzadas, incluida la fertilizaci\u00f3n in vitro, y el manejo de trastornos endocrinos complejos en mujeres. Complet\u00f3 su carrera m\u00e9dica en la Fuerza A\u00e9rea en 1993 como Teniente Coronel. Se uni\u00f3 a la facultad de la Universidad de Florida como Director de Endocrinolog\u00eda Reproductiva en el campus de Jacksonville.<\/p>\n<p>Tiene un gran inter\u00e9s en la preservaci\u00f3n de la fertilidad, la cirug\u00eda reproductiva y la p\u00e9rdida recurrente del embarazo. Se esfuerza por ofrecer atenci\u00f3n m\u00e9dica integral basada en evidencia en un entorno compasivo y personalizado. Piensa que los m\u00e9dicos deben ser buenos oyentes para brindar la atenci\u00f3n individualizada que los pacientes necesitan, y se esfuerza por ayudarlos a lograr sus objetivos de formar una familia.<\/p>\n<p><em>El Dr. Illions se mud\u00f3 al sur de Florida para vivir cerca de su familia. Le gusta jugar y asistir a eventos deportivos y bucear.<\/em><\/p>\n","protected":false},"excerpt":{"rendered":"<p>Preservaci\u00f3n de la fertilidad a trav\u00e9s de la criopreservaci\u00f3n de ovocitos El Fertility Center of Miami fue fundado en 1991. Nuestro Centro se encuentra a la vanguardia en t\u00e9cnicas de reproducci\u00f3n asistida, incluyendo la inyecci\u00f3n intracitoplasm\u00e1tica de espermatozoides (ICSI), la transferencia de embriones de blastocistos, la criopreservaci\u00f3n de embriones de blastocistos, los \u00f3vulos de donantes [&hellip;]<\/p>\n","protected":false},"author":1,"featured_media":0,"parent":0,"menu_order":0,"comment_status":"closed","ping_status":"closed","template":"","meta":{"footnotes":""},"_links":{"self":[{"href":"https:\/\/www.miami-eggfreezing.com\/es\/wp-json\/wp\/v2\/pages\/319"}],"collection":[{"href":"https:\/\/www.miami-eggfreezing.com\/es\/wp-json\/wp\/v2\/pages"}],"about":[{"href":"https:\/\/www.miami-eggfreezing.com\/es\/wp-json\/wp\/v2\/types\/page"}],"author":[{"embeddable":true,"href":"https:\/\/www.miami-eggfreezing.com\/es\/wp-json\/wp\/v2\/users\/1"}],"replies":[{"embeddable":true,"href":"https:\/\/www.miami-eggfreezing.com\/es\/wp-json\/wp\/v2\/comments?post=319"}],"version-history":[{"count":20,"href":"https:\/\/www.miami-eggfreezing.com\/es\/wp-json\/wp\/v2\/pages\/319\/revisions"}],"predecessor-version":[{"id":346,"href":"https:\/\/www.miami-eggfreezing.com\/es\/wp-json\/wp\/v2\/pages\/319\/revisions\/346"}],"wp:attachment":[{"href":"https:\/\/www.miami-eggfreezing.com\/es\/wp-json\/wp\/v2\/media?parent=319"}],"curies":[{"name":"wp","href":"https:\/\/api.w.org\/{rel}","templated":true}]}}