{"id":324,"date":"2014-08-04T15:09:46","date_gmt":"2014-08-04T15:09:46","guid":{"rendered":"http:\/\/www.miami-eggfreezing.com\/askyourdoctor-2\/"},"modified":"2022-09-19T17:15:06","modified_gmt":"2022-09-19T22:15:06","slug":"askyourdoctor","status":"publish","type":"page","link":"https:\/\/www.miami-eggfreezing.com\/es\/askyourdoctor\/","title":{"rendered":"Consulte a su m\u00e9dico"},"content":{"rendered":"<div style=\"background-image:url(http:\/\/www.miami-eggfreezing.com\/wp-content\/uploads\/2014\/08\/frases\/Frase_09.jpg); width:626px; height:254px; padding-left:10px;margin-left: 20x;\">\n<p class=\"textos-nuevo\">El proceso de congelaci\u00f3n<br \/>\n    de \u00f3vulos: desde la<br \/>\n    estimulaci\u00f3n hasta<br \/>\n    la criopreservaci\u00f3n\n  <\/p>\n<\/div>\n<p>Cuando finalmente asistas a tu consulta para la congelaci\u00f3n de \u00f3vulos (criopreservaci\u00f3n de ovocitos), el m\u00e9dico del Fertility Center of Miami tendr\u00e1 algunas preguntas para ti: tu \u00faltimo per\u00edodo, los antecedentes de salud, altura y peso (IMC), tus expectativas, etc. Esta es tambi\u00e9n tu oportunidad de obtener informaci\u00f3n de primera mano, como por ejemplo: la experiencia del Centro en congelaci\u00f3n y almacenamiento de \u00f3vulos, honorarios y lo que ocurre exactamente con los \u00f3vulos no utilizados. Es probable que tengas muchas preguntas, pero a menos que las escriba, puede que las olvides. Preparamos un listado preliminar para ti.<\/p>\n<p><strong>\u00a0Si\u00e9ntete libre de agregar tus preguntas. Debes estar lo m\u00e1s preparada posible para aprovechar al m\u00e1ximo tu primera cita.<\/strong><\/p>\n<p><span id=\"result_box\" class=\"\" lang=\"es\"><span class=\"hps\">Aqu\u00ed hay<\/span> <span class=\"hps\">algunas preguntas que <\/span><span class=\"hps\">puedes hacerle a<\/span> <span class=\"hps\">tu m\u00e9dico<\/span>:<\/span><\/p>\n<h2> <span style=\"color:#d62b91;\">Tecnolog\u00eda<\/span><\/h2>\n<p><span style=\"color: #435789;\">\u00bfQu\u00e9 m\u00e9todo de congelaci\u00f3n de \u00f3vulos utiliza? \u00bfPor qu\u00e9 prefiere este m\u00e9todo<\/span><span style=\"color: #435789;\">?<\/span><br \/>\nLa vitrificaci\u00f3n es un proceso ultrarr\u00e1pido que inhibe la formaci\u00f3n de cristales de hielo. Los \u00f3vulos tienen un alto contenido de agua, de modo tal que se pueden formar cristales de hielo. Con la congelaci\u00f3n de \u00f3vulos lenta, existe la posibilidad de formaci\u00f3n de cristales de hielo y cuando se descongelan los \u00f3vulos, los cristales de hielo pueden fracturar y da\u00f1ar el \u00f3vulo. Las pruebas demuestran que las t\u00e9cnicas de congelaci\u00f3n lenta que se han utilizado durante d\u00e9cadas no son tan exitosas como el m\u00e9todo de vitrificaci\u00f3n m\u00e1s reciente. El m\u00e9todo de vitrificaci\u00f3n tambi\u00e9n implica el uso de crioprotectores para la preservaci\u00f3n de c\u00e9lulas; estas sustancias protegen al tejido de los da\u00f1os causados por la congelaci\u00f3n.<\/p>\n<p><span style=\"color: #435789;\">\u00bfEs este un procedimiento experimental?<\/span><br \/>\nDesde 1980 los cient\u00edficos han estado trabajando para mejorar el proceso de congelaci\u00f3n de \u00f3vulos no fecundados. A mediados de 1990, se informaron tasas de \u00e9xito y beb\u00e9s sanos fueron naciendo a trav\u00e9s de este procedimiento. En octubre de 2012, la Sociedad Americana de Medicina Reproductiva (ASRM) elimin\u00f3 el r\u00f3tulo de experimental de la tecnolog\u00eda, citando, entre otros hallazgos, las tasas de \u00e9xito en nacimientos con vida.<\/p>\n<p><span style=\"color: #435789;\">\u00bfCu\u00e1nto tiempo pueden los \u00f3vulos permanecer congelados y ser viables?<\/span><br \/>\nDebido a que la congelaci\u00f3n de \u00f3vulos es una nueva tecnolog\u00eda, no se sabe cu\u00e1nto tiempo los \u00f3vulos pueden permanecer congelados. Creemos que los \u00f3vulos congelados deber\u00edan mantenerse viables durante 10 a\u00f1os o m\u00e1s.<\/p>\n<h2><span style=\"color:#d62b91;\">Nuestra Experiencia<\/span><\/h2>\n<p><span style=\"color: #435789;\">\u00bfCu\u00e1ndo se fund\u00f3 este Centro de Fertilidad?<\/span><br \/>\nEl Fertility Center of Miami fue fundado en 1991. El Centro est\u00e1 a la vanguardia en ofrecer a las parejas con problemas de infertilidad las opciones de \u00e9xito m\u00e1s recientes. En el pasado esto abarcaba: la inyecci\u00f3n intracitoplasm\u00e1tica de espermatozoides (ICSI), la transferencia de embriones de blastocisto, la criopreservaci\u00f3n de embriones de blastocisto, la donaci\u00f3n de \u00f3vulos y, actualmente, la congelaci\u00f3n de \u00f3vulos.<\/p>\n<p><span style=\"color: #435789;\">\u00bfQu\u00e9 experiencia tiene este centro de fertilidad?<\/span><br \/>\nSi bien muchos centros lo ofrecen como servicio, pocos tienen la experiencia necesaria en congelaci\u00f3n, descongelaci\u00f3n y posterior transferencia de embriones. Nuestra experiencia nos ha demostrado que nuestros embri\u00f3logos y m\u00e9dicos tienen el conocimiento, las habilidades y la competencia necesarios para tener \u00e9xito.<\/p>\n<p><span style=\"color: #435789;\">\u00bfCu\u00e1l es la tasa de supervivencia en la descongelaci\u00f3n de \u00f3vulos?\u00a0<\/span><br \/>\nEn promedio, hasta el 80% de los \u00f3vulos criopreservados sobrevivir\u00e1n durante el proceso de descongelaci\u00f3n. Se fecundar\u00e1 aproximadamente el 75% de estos \u00f3vulos descongelados con\u00a0 \u00e9xito. Cuanto mejor sea la instalaci\u00f3n para el descongelamiento de \u00f3vulos con \u00e9xito, mejores ser\u00e1n sus posibilidades de fecundaci\u00f3n, transferencia y embarazo en curso.<\/p>\n<p><span style=\"color: #435789;\">\u00bfTodos los \u00f3vulos obtenidos en un ciclo de FIV son aceptables para la congelaci\u00f3n?<br \/>\n<\/span>No, con cualquier recuperaci\u00f3n se obtiene una combinaci\u00f3n de \u00f3vulos de buena calidad y mala calidad. Solamente los \u00f3vulos maduros de buena calidad son aceptables para la congelaci\u00f3n. En general, el m\u00e9dico decidir\u00e1 un protocolo de estimulaci\u00f3n hecho a la medida para la paciente a fin de administrar la cantidad y calidad de los \u00f3vulos recuperados.<\/p>\n<p><span style=\"color: #435789;\">\u00bfEs suficiente un ciclo de extracci\u00f3n y congelaci\u00f3n de \u00f3vulos?\u00a0 <\/span><br \/>\nSi bien puede visualizar pasar por un solo ciclo, siempre existe la posibilidad de que la cantidad necesaria de \u00f3vulos no pueda ser recuperada durante el primer ciclo y, en consecuencia, es posible que se necesite un segundo ciclo. En el Fertility Center of Miami ofrecemos programas de procedimiento de uno o varios ciclos.<\/p>\n<h2><span style=\"color:#d62b91;\">Instalaciones<\/span><\/h2>\n<p><span style=\"color: #435789;\">\u00bfD\u00f3nde se almacenan los \u00f3vulos congelados?<\/span><br \/>\nSi bien puede visualizar pasar por un solo ciclo, siempre existe la posibilidad de que la cantidad necesaria de \u00f3vulos no pueda ser recuperada durante el primer ciclo y, en consecuencia, es posible que se necesite un segundo ciclo. En el Fertility Center of Miami ofrecemos programas de procedimiento de uno o varios ciclos.<\/p>\n<h2><span style=\"color:#d62b91;\">Costo<\/span><\/h2>\n<p>Somos muy competitivos en cuanto a nuestros precios para un ciclo de congelaci\u00f3n de \u00f3vulos. Para las mujeres que requieran m\u00e1s de un ciclo de recolecci\u00f3n de \u00f3vulos, se pueden aplicar descuentos adicionales.<\/p>\n<p><span style=\"color: #435789;\">\u00bfCu\u00e1les son los honorarios para el almacenamiento de los \u00f3vulos?<\/span><br \/>\nUn tercero ofrece el almacenamiento. Las tarifas pueden variar desde U$S 400 a U$S 500 por a\u00f1o.<\/p>\n<h2><span style=\"color:#d62b91;\">Hechos<\/span><\/h2>\n<p><span style=\"color: #435789;\">\u00bfCu\u00e1l es la cantidad promedio de \u00f3vulos necesaria?<\/span><br \/>\nLa cantidad promedio de \u00f3vulos obtenidos durante un ciclo de congelaci\u00f3n de \u00f3vulos oscila entre 5 a 20, dependiendo de la edad de la mujer. Las mujeres menores de 37 a\u00f1os deber\u00edan congelar 12-20 \u00f3vulos; las mujeres entre las edades de 37 y 39 deber\u00edan idealmente congelar aproximadamente 20; y las mujeres de 40 a\u00f1os en adelante deber\u00edan congelar m\u00e1s de 20. Es importante recordar que ninguna cantidad espec\u00edfica de \u00f3vulos garantizar\u00e1 el \u00e9xito y que la probabilidad de \u00e9xito depende de tu situaci\u00f3n particular. Es posible que tengas que someterte a m\u00e1s de un ciclo de congelaci\u00f3n de \u00f3vulos para obtener suficientes \u00f3vulos.<\/p>\n<p>Recuerda que las tasas de embarazo dependen de tu edad y de tu reserva ov\u00e1rica en el momento de la extracci\u00f3n y congelaci\u00f3n de los \u00f3vulos.<\/p>\n<p><span style=\"color: #435789;\"> \u00bfC\u00f3mo y cu\u00e1ndo podr\u00e1 la cl\u00ednica de fertilidad desechar los \u00f3vulos no utilizados? \u00bfPuedo donarlos?<\/span><br \/>\nRecuerda que son tus \u00f3vulos y es tu decisi\u00f3n lo que les suceda. Aseg\u00farate de revisar completamente el formulario de consentimiento del Fertility Center of Miami y discute con tu m\u00e9dico exactamente lo que te gustar\u00eda hacer con los \u00f3vulos no utilizados. Algunas mujeres deciden donarlos a otras personas que buscan tener un hijo, mientras que otras donan los suyos a la ciencia con fines de investigaci\u00f3n y otras s\u00f3lo piden que se desechen.<\/p>\n<h2><span style=\"color:#d62b91;\">Si est\u00e1s pensando en congelar tus \u00f3vulos, por favor considera tambi\u00e9n preguntar sobre las siguientes cuestiones<\/span><\/h2>\n<p>\u2022 \u00bfQu\u00e9 medicamentos se usan para estimular los ovarios antes de la extracci\u00f3n de los \u00f3vulos?<br \/>\n\u2022 \u00bfCu\u00e1les son los gastos requeridos para medicamentos y monitoreo?<br \/>\n\u2022 \u00bfPueden los \u00f3vulos congelados enviarse a otra cl\u00ednica si fuese necesario?<br \/>\n\u2022 \u00bfPuede realizarse el diagn\u00f3stico gen\u00e9tico de preimplantaci\u00f3n (PGD) de los \u00f3vulos o embriones antes de la transferencia?<br \/>\n\u2022 Seg\u00fan mi caso en particular, \u00bfcu\u00e1ntos \u00f3vulos piensa que se puede recuperar? \u00bfEst\u00e1 por encima o por debajo del promedio?<br \/>\n\u2022 \u00bfCu\u00e1les son los riesgos potenciales?<br \/>\n\u2022 \u00bfTiene algo m\u00e1s para agregar?<\/p>\n<p>El recurso m\u00e1s eficaz en medicina no necesita pruebas, fases o aprobaciones. Es gratis y no tiene efectos secundarios. Se llama conciencia. Los m\u00e9dicos y el personal del Fertility center of Miami estar\u00e1n m\u00e1s que complacidos de responder a todas tus preguntas.<\/p>\n<p>Escribe tus propias preguntas (y no te olvides de consultar a tu m\u00e9dico).<\/p>\n","protected":false},"excerpt":{"rendered":"<p>El proceso de congelaci\u00f3n de \u00f3vulos: desde la estimulaci\u00f3n hasta la criopreservaci\u00f3n Cuando finalmente asistas a tu consulta para la congelaci\u00f3n de \u00f3vulos (criopreservaci\u00f3n de ovocitos), el m\u00e9dico del Fertility Center of Miami tendr\u00e1 algunas preguntas para ti: tu \u00faltimo per\u00edodo, los antecedentes de salud, altura y peso (IMC), tus expectativas, etc. Esta es tambi\u00e9n [&hellip;]<\/p>\n","protected":false},"author":1,"featured_media":0,"parent":0,"menu_order":0,"comment_status":"closed","ping_status":"closed","template":"","meta":{"footnotes":""},"_links":{"self":[{"href":"https:\/\/www.miami-eggfreezing.com\/es\/wp-json\/wp\/v2\/pages\/324"}],"collection":[{"href":"https:\/\/www.miami-eggfreezing.com\/es\/wp-json\/wp\/v2\/pages"}],"about":[{"href":"https:\/\/www.miami-eggfreezing.com\/es\/wp-json\/wp\/v2\/types\/page"}],"author":[{"embeddable":true,"href":"https:\/\/www.miami-eggfreezing.com\/es\/wp-json\/wp\/v2\/users\/1"}],"replies":[{"embeddable":true,"href":"https:\/\/www.miami-eggfreezing.com\/es\/wp-json\/wp\/v2\/comments?post=324"}],"version-history":[{"count":14,"href":"https:\/\/www.miami-eggfreezing.com\/es\/wp-json\/wp\/v2\/pages\/324\/revisions"}],"predecessor-version":[{"id":350,"href":"https:\/\/www.miami-eggfreezing.com\/es\/wp-json\/wp\/v2\/pages\/324\/revisions\/350"}],"wp:attachment":[{"href":"https:\/\/www.miami-eggfreezing.com\/es\/wp-json\/wp\/v2\/media?parent=324"}],"curies":[{"name":"wp","href":"https:\/\/api.w.org\/{rel}","templated":true}]}}