{"id":332,"date":"2014-08-01T19:23:48","date_gmt":"2014-08-01T19:23:48","guid":{"rendered":"http:\/\/www.miami-eggfreezing.com\/faqs-2\/"},"modified":"2022-09-19T16:02:33","modified_gmt":"2022-09-19T21:02:33","slug":"faqs","status":"publish","type":"page","link":"https:\/\/www.miami-eggfreezing.com\/es\/faqs\/","title":{"rendered":"Preguntas frecuentes acerca de la congelaci\u00f3n de \u00f3vulos"},"content":{"rendered":"<h2> <span style=\"color:#d62b91;\">\u00bfQu\u00e9 es la congelaci\u00f3n de \u00f3vulos?<\/span><\/h2>\n<p>La congelaci\u00f3n de \u00f3vulos (criopreservaci\u00f3n de ovocitos humanos) es una tecnolog\u00eda innovadora mediante la cual se extraen los \u00f3vulos de una mujer (ovocitos), se congelan y se almacenan para su uso futuro. La congelaci\u00f3n de \u00f3vulos permite a la mujer tomar el control de su reloj biol\u00f3gico y almacenar sus \u00f3vulos para su uso futuro. Si la infertilidad es experimentada cuando est\u00e1 lista para quedar embarazada, los \u00f3vulos pueden ser descongelados y fecundados y, luego, los embriones resultantes se transfieren al \u00fatero.<br \/>\nSi bien no es una garant\u00eda, la congelaci\u00f3n de \u00f3vulos es similar a una p\u00f3liza de seguro para la futura fertilidad de una mujer.<\/p>\n<div style=\"background-image:url(http:\/\/www.miami-eggfreezing.com\/wp-content\/uploads\/2014\/08\/frases\/Frase_01.jpg); width:626px; height:254px; padding-left:10px;margin-left: 50px;\">\n<p class=\"textos-nuevo\" style=\"width:400px;\">La congelaci\u00f3n de \u00f3vulos permite<br \/>\n    a la mujer tomar el control de<br \/>\n    su reloj biol\u00f3gico en constante<br \/>\n    tic-tac y guardar sus \u00f3vulos<br \/>\n    para uso futuro.\n  <\/p>\n<\/div>\n<p>&nbsp;<\/p>\n<h2> <span style=\"color:#d62b91;\">\u00bfEs importante la edad?<\/span><\/h2>\n<p>Cuando se trata de problemas de fertilidad, es un hecho que la edad del \u00f3vulo, no la edad de la mujer, es lo que m\u00e1s importa. Las mujeres nacen con aproximadamente 2 millones de \u00f3vulos, pero con el transcurso del tiempo la cantidad y calidad de los \u00f3vulos sanos disminuyen. Esto afecta directamente la posibilidad mensual de concepci\u00f3n. Las mujeres experimentan picos de fertilidad a los 20 a\u00f1os y, a los 30 a\u00f1os, s\u00f3lo se mantiene alrededor de una octava parte de los \u00f3vulos originales.<br \/>\nEsta reducci\u00f3n en la cantidad y calidad de los \u00f3vulos aumenta exponencialmente despu\u00e9s de los 35 a\u00f1os. En consecuencia, es cada vez m\u00e1s dif\u00edcil concebir cada a\u00f1o que pasa. El porcentaje de mujeres casadas que no utilizan anticonceptivos y contin\u00faan sin hijos y sin tratamiento aumenta con la edad. Se observ\u00f3 una incidencia del 9% en mujeres de entre 25 a 29 a\u00f1os y aumenta al 30% a los 35 a\u00f1os. En cuanto a las mujeres de 40 a 44 a\u00f1os de edad, el 64% va a permanecer sin hijos.<br \/>\nA los 40 a\u00f1os, una mujer tiene una probabilidad inferior al 10% de concebir un embarazo con \u00e9xito cada mes. A los 45 a\u00f1os, la probabilidad de tener un hijo con \u00f3vulos propios es de aproximadamente 1%.<br \/>\nAdem\u00e1s, como los \u00f3vulos aumentan en edad, tambi\u00e9n lo hacen los riesgos de anomal\u00edas cromos\u00f3micas. Se estima que el 60% o m\u00e1s de los embriones de aspecto normal a los 37 a\u00f1os son gen\u00e9ticamente anormales. A modo de ejemplo, el riesgo de un nacimiento con vida con S\u00edndrome de Down aumenta de 1 cada 1.000 nacidos con vida a los 30 a\u00f1os a 1 de cada 30 a los 45 a\u00f1os.<\/p>\n<p><a href=\"\"><img loading=\"lazy\" decoding=\"async\" class=\"alignnone  wp-image-585\" src=\"\/wp-content\/uploads\/2022\/09\/Egg_freezing_spa.jpg\" alt=\"Infografia_03_esp\" width=\"626\" height=\"428\" \/><\/a><\/p>\n<h2 > <span style=\"color:#d62b91;\">\u00bfQu\u00e9 se sabe acerca de la congelaci\u00f3n de \u00f3vulos?<\/span><\/h2>\n<p>La investigaci\u00f3n descubri\u00f3 que cuando las mujeres utilizan \u00f3vulos donados por mujeres m\u00e1s j\u00f3venes, se pueden lograr las mismas tasas de \u00e9xito de embarazo que las mujeres a los 20 a\u00f1os. La congelaci\u00f3n de \u00f3vulos ofrece la oportunidad de que las mujeres sean sus propias donantes. Se pueden extraer los \u00f3vulos de las mujeres a una edad m\u00e1s joven y dichos \u00f3vulos se pueden preservar mediante la tecnolog\u00eda de criopreservaci\u00f3n de ovocitos. Por lo tanto, cuando una mujer est\u00e1 lista para quedar embarazada, ella tiene sus propios \u00f3vulos m\u00e1s j\u00f3venes disponibles, lo que aumenta sus posibilidades de un embarazo exitoso.<br \/>\n&nbsp;<\/p>\n<h2><span style=\"color:#d62b91;\">\u00bfCu\u00e1l es la situaci\u00f3n\u00a0actual de la congelaci\u00f3n de \u00f3vulos?<\/span><\/h2>\n<p>Despu\u00e9s de a\u00f1os de investigaci\u00f3n, la congelaci\u00f3n de \u00f3vulos se convirti\u00f3 finalmente en una realidad tangible.<br \/>\nEn 2012, la Sociedad Americana de Medicina Reproductiva (ASRM) reconoci\u00f3 las mejores tasas de \u00e9xito y seguridad de esta tecnolog\u00eda de preservaci\u00f3n de la fertilidad mediante la eliminaci\u00f3n del r\u00f3tulo de experimental. Esto ocurri\u00f3 despu\u00e9s de la revisi\u00f3n de muchos estudios cient\u00edficos y cl\u00ednicos que demostraron que las mujeres j\u00f3venes que se sometieron a fecundaci\u00f3n in vitro con \u00f3vulos congelados ten\u00edan una oportunidad similar de embarazo exitoso como las que utilizan los \u00f3vulos frescos. La investigaci\u00f3n hasta la fecha sugiere tambi\u00e9n que los beb\u00e9s nacidos de \u00f3vulos congelados no son diferentes de los que nacen como resultado de la FIV con \u00f3vulos frescos.<br \/>\n&nbsp;<\/p>\n<h2><span style=\"color:#d62b91;\">\u00bfQui\u00e9n deber\u00eda congelar sus \u00f3vulos?<\/span><\/h2>\n<p>Las mujeres que esperan tener hijos despu\u00e9s de los 35 a\u00f1os y quieren la oportunidad de preservar su fertilidad en el futuro pueden querer congelar sus \u00f3vulos.<br \/>\nHay otras razones para congelar los \u00f3vulos, como por ejemplo: postergaci\u00f3n de la maternidad por la carrera profesional y preservaci\u00f3n de la fertilidad antes de someterse a procedimientos m\u00e9dicos que pueden comprometer la fertilidad futura (es decir, el tratamiento del c\u00e1ncer). Lo que todas estas mujeres tienen en com\u00fan es el deseo de tener hijos en el futuro.<br \/>\nLas candidatas para la congelaci\u00f3n de \u00f3vulos se pueden dividir en cuatro grupos principales:<\/p>\n<p><span style=\"color: #42578c;\">Electivo:<\/span>\u00a0 La congelaci\u00f3n de \u00f3vulos por elecci\u00f3n es la categor\u00eda m\u00e1s prol\u00edfica as\u00ed como tambi\u00e9n la m\u00e1s variada. Las mujeres que congelan sus \u00f3vulos por razones de elecci\u00f3n pueden no haber conocido a un compa\u00f1ero de vida, no quieren detener el curso de su carrera profesional para comenzar una familia o no quieren fecundar inmediatamente sus \u00f3vulos.<\/p>\n<p><span style=\"color: #42578c;\">M\u00e9dico:\u00a0<\/span> La congelaci\u00f3n de \u00f3vulos se inici\u00f3 para dar a las pacientes de c\u00e1ncer la oportunidad de preservar sus \u00f3vulos sanos antes de someterse a quimioterapia o radiaci\u00f3n. Otro ejemplo ser\u00eda una mujer que requiere la extirpaci\u00f3n quir\u00fargica de uno o ambos ovarios.<\/p>\n<p><span style=\"color: #42578c;\">Gen\u00e9tico:<\/span>\u00a0 Las razones gen\u00e9ticas para considerar la congelaci\u00f3n de \u00f3vulos abarcan a las mujeres con una historia familiar de menopausia precoz, endometriosis o insuficiencia ov\u00e1rica prematura.<\/p>\n<p><span style=\"color: #42578c;\">\u00c9tico y religioso:<\/span> \u00a0 Las mujeres que congelan sus \u00f3vulos por razones \u00e9ticas y religiosas normalmente no creen en el almacenamiento de embriones.<br \/>\n&nbsp;<\/p>\n<h2><span style=\"color:#d62b91;\">\u00bfC\u00f3mo se congelan los \u00f3vulos?<\/span><\/h2>\n<p>La congelaci\u00f3n de \u00f3vulos sigue el mismo protocolo que la fertilidad (inclusive la estimulaci\u00f3n hormonal) como la fecundaci\u00f3n in vitro (FIV) &#8211; hasta el punto de extracci\u00f3n de los \u00f3vulos. Las pacientes de FIV pasan directamente al proceso de fecundaci\u00f3n del \u00f3vulo, mientras que las pacientes de congelaci\u00f3n de \u00f3vulos congelan y almacenan sus \u00f3vulos para su uso futuro. Existen dos m\u00e9todos de congelaci\u00f3n de \u00f3vulos: congelaci\u00f3n lenta y congelaci\u00f3n r\u00e1pida (vitrificaci\u00f3n de \u00f3vulos). En el Fertility Center of Miami se utiliza el m\u00e9todo de vitrificaci\u00f3n, que es m\u00e1s nuevo y exitoso.<br \/>\n&nbsp;<\/p>\n<h2> <span style=\"color:#d62b91;\">\u00bfCu\u00e1ntos \u00f3vulos son suficientes?<\/span><\/h2>\n<p>A mayor cantidad de \u00f3vulos extra\u00eddos, mejores ser\u00e1n las posibilidades de concepci\u00f3n. Y cuanto m\u00e1s joven sea la mujer, mejor ser\u00e1 la calidad y cantidad de \u00f3vulos sanos producidos.<br \/>\nLos an\u00e1lisis de sangre y ecograf\u00edas de la reserva ov\u00e1rica son buenos indicadores de la cantidad de \u00f3vulos previstos que una mujer puede producir. Sin embargo, la cantidad de \u00f3vulos congelados necesaria para quedar embarazada depende de cada caso en particular.<br \/>\n&nbsp;<\/p>\n<h2><span style=\"color:#d62b91;\">\u00bfQu\u00e9 sucede con tus \u00f3vulos cuando se\u00a0los utiliza?<\/span><\/h2>\n<p>Una vez que los \u00f3vulos se retiran del dispositivo de almacenamiento son r\u00e1pidamente rehidratados. La vitrificaci\u00f3n repercuti\u00f3 notablemente en el proceso de descongelaci\u00f3n de \u00f3vulos. Las tasas de \u00e9xito de la descongelaci\u00f3n son ahora de aproximadamente el 80%, debido a la menor probabilidad de la formaci\u00f3n de cristales de hielo intracelular con la vitrificaci\u00f3n. Se puede determinar la cantidad de \u00f3vulos descongelados y fecundados una vez que se tom\u00f3 la decisi\u00f3n de continuar el embarazo. El proceso de ICSI (inyecci\u00f3n intracitoplasm\u00e1tica de espermatozoides) se utiliza para fecundar los \u00f3vulos congelados. ICSI consiste en inyectar directamente un solo espermatozoide en un solo \u00f3vulo con una aguja en lugar de permitir que los espermatozoides penetren el \u00f3vulo en una placa de Petri por su cuenta.<br \/>\nSi tiene \u00e9xito, de tres a cinco d\u00edas m\u00e1s tarde, el embri\u00f3n o embriones resultantes se transfieren al \u00fatero con un cat\u00e9ter fino y suave. No es necesaria ninguna cirug\u00eda. Por lo general, uno o dos embriones se utilizan al mismo tiempo.<br \/>\n&nbsp;<\/p>\n<h2><span style=\"color:#d62b91;\">Informaci\u00f3n Adicional<\/span><\/h2>\n<p>Cuando se trata de tomar decisiones sobre la salud personal, creemos que el conocimiento es poder. El Fertility Center of Miami te alienta a hacer preguntas y aprender m\u00e1s acerca de tus propias opciones de fertilidad.<br \/>\nAl explorar estas opciones, ten en cuenta que no est\u00e1s sola. Incontable cantidad de mujeres atravesaron problemas similares. Por favor, visita nuestra p\u00e1gina de Internet y lee lo que otras mujeres dijeron sobre sus experiencias personales y c\u00f3mo decidieron tomar el control. Ahora es el momento de manejar tu propio reloj biol\u00f3gico.<\/p>\n","protected":false},"excerpt":{"rendered":"<p>\u00bfQu\u00e9 es la congelaci\u00f3n de \u00f3vulos? La congelaci\u00f3n de \u00f3vulos (criopreservaci\u00f3n de ovocitos humanos) es una tecnolog\u00eda innovadora mediante la cual se extraen los \u00f3vulos de una mujer (ovocitos), se congelan y se almacenan para su uso futuro. La congelaci\u00f3n de \u00f3vulos permite a la mujer tomar el control de su reloj biol\u00f3gico y almacenar [&hellip;]<\/p>\n","protected":false},"author":1,"featured_media":0,"parent":0,"menu_order":0,"comment_status":"closed","ping_status":"closed","template":"","meta":{"footnotes":""},"_links":{"self":[{"href":"https:\/\/www.miami-eggfreezing.com\/es\/wp-json\/wp\/v2\/pages\/332"}],"collection":[{"href":"https:\/\/www.miami-eggfreezing.com\/es\/wp-json\/wp\/v2\/pages"}],"about":[{"href":"https:\/\/www.miami-eggfreezing.com\/es\/wp-json\/wp\/v2\/types\/page"}],"author":[{"embeddable":true,"href":"https:\/\/www.miami-eggfreezing.com\/es\/wp-json\/wp\/v2\/users\/1"}],"replies":[{"embeddable":true,"href":"https:\/\/www.miami-eggfreezing.com\/es\/wp-json\/wp\/v2\/comments?post=332"}],"version-history":[{"count":10,"href":"https:\/\/www.miami-eggfreezing.com\/es\/wp-json\/wp\/v2\/pages\/332\/revisions"}],"predecessor-version":[{"id":718,"href":"https:\/\/www.miami-eggfreezing.com\/es\/wp-json\/wp\/v2\/pages\/332\/revisions\/718"}],"wp:attachment":[{"href":"https:\/\/www.miami-eggfreezing.com\/es\/wp-json\/wp\/v2\/media?parent=332"}],"curies":[{"name":"wp","href":"https:\/\/api.w.org\/{rel}","templated":true}]}}